{"id":2,"date":"2016-05-10T03:48:21","date_gmt":"2016-05-10T03:48:21","guid":{"rendered":"https:\/\/cdagroup.com.mx\/?page_id=2"},"modified":"2022-02-28T23:06:12","modified_gmt":"2022-02-28T23:06:12","slug":"nosotros-page","status":"publish","type":"page","link":"https:\/\/cdagroup.com.mx\/?page_id=2","title":{"rendered":"Nosotros"},"content":{"rendered":"\n<div class=\"wp-block-columns is-layout-flex wp-container-core-columns-is-layout-1 wp-block-columns-is-layout-flex\">\n<div class=\"wp-block-column is-layout-flow wp-block-column-is-layout-flow\">\n<h2 class=\"wp-block-heading\" id=\"un-poco-de-nuestra-historia\">Un poco de nuestra historia<\/h2>\n\n\n\n<div style=\"height:49px\" aria-hidden=\"true\" class=\"wp-block-spacer\"><\/div>\n\n\n\n<hr>\n\n\n\n<p class=\"has-text-align-left\">Somos una empresa <strong>Mexicana<\/strong> comprometida en resolver los requerimientos en pisos de concreto de nuestros clientes, ofreciendo soluciones rentables y duraderas.<\/p>\n\n\n\n<div style=\"height:50px\" aria-hidden=\"true\" class=\"wp-block-spacer\"><\/div>\n\n\n\n<p>Desde su inicio en<strong> CDA<\/strong>, nos hemos enfocado en otorgar los productos que garanticen los mejores acabados en pisos de concreto decorativo, utilizando en su elaboraci\u00f3n materias primas de la mejor calidad, procesos estandarizados y sobre todo con el personal capacitado y con el firme prop\u00f3sito de exceder las expectativas de nuestros clientes y amigos.<\/p>\n\n\n\n<div style=\"height:53px\" aria-hidden=\"true\" class=\"wp-block-spacer\"><\/div>\n\n\n\n<p>Apoyamos con <strong>asesor\u00eda t\u00e9cnica y personalizada<\/strong> para acompa\u00f1ar a nuestros clientes en sus proyectos, recomendando los productos y t\u00e9cnicas que aporten valor para hacer realidad aquello que naci\u00f3 como un concepto.<\/p>\n<\/div>\n\n\n\n<div class=\"wp-block-column is-layout-flow wp-block-column-is-layout-flow\">\n<figure class=\"wp-block-image is-resized\"><img loading=\"lazy\" decoding=\"async\" src=\"https:\/\/cdagroup.com.mx\/wp-content\/uploads\/2022\/02\/IMG-20151215-WA0001.jpg\" alt=\"\" class=\"wp-image-90\" width=\"403\" height=\"537\" srcset=\"https:\/\/cdagroup.com.mx\/wp-content\/uploads\/2022\/02\/IMG-20151215-WA0001.jpg 480w, https:\/\/cdagroup.com.mx\/wp-content\/uploads\/2022\/02\/IMG-20151215-WA0001-225x300.jpg 225w\" sizes=\"auto, (max-width: 403px) 100vw, 403px\" \/><\/figure>\n<\/div>\n<\/div>\n\n\n\n<div class=\"wp-block-columns is-layout-flex wp-container-core-columns-is-layout-4 wp-block-columns-is-layout-flex\">\n<div class=\"wp-block-column is-layout-flow wp-block-column-is-layout-flow\" style=\"flex-basis:100%\">\n<div class=\"wp-block-group\"><div class=\"wp-block-group__inner-container is-layout-flow wp-block-group-is-layout-flow\">\n<div class=\"wp-block-group\"><div class=\"wp-block-group__inner-container is-layout-flow wp-block-group-is-layout-flow\">\n<div class=\"wp-block-columns is-layout-flex wp-container-core-columns-is-layout-3 wp-block-columns-is-layout-flex\">\n<div class=\"wp-block-column is-layout-flow wp-block-column-is-layout-flow\" style=\"flex-basis:100%\">\n<div class=\"wp-block-columns is-layout-flex wp-container-core-columns-is-layout-2 wp-block-columns-is-layout-flex\">\n<div class=\"wp-block-column is-layout-flow wp-block-column-is-layout-flow\" style=\"flex-basis:100%\"><\/div>\n<\/div>\n<\/div>\n<\/div>\n<\/div><\/div>\n<\/div><\/div>\n<\/div>\n<\/div>\n\n\n\n<p><\/p>\n","protected":false},"excerpt":{"rendered":"<p>Un poco de nuestra historia Somos una empresa Mexicana comprometida en resolver los requerimientos en pisos de concreto de nuestros clientes, ofreciendo soluciones rentables y duraderas. Desde su inicio en CDA, nos hemos enfocado en otorgar los productos que garanticen los mejores acabados en pisos de concreto decorativo, utilizando en su elaboraci\u00f3n materias primas de [&hellip;]<\/p>\n","protected":false},"author":1,"featured_media":0,"parent":0,"menu_order":0,"comment_status":"closed","ping_status":"closed","template":"templates\/template_page-full-width.php","meta":{"spay_email":"","footnotes":""},"class_list":["post-2","page","type-page","status-publish","hentry"],"_links":{"self":[{"href":"https:\/\/cdagroup.com.mx\/index.php?rest_route=\/wp\/v2\/pages\/2","targetHints":{"allow":["GET"]}}],"collection":[{"href":"https:\/\/cdagroup.com.mx\/index.php?rest_route=\/wp\/v2\/pages"}],"about":[{"href":"https:\/\/cdagroup.com.mx\/index.php?rest_route=\/wp\/v2\/types\/page"}],"author":[{"embeddable":true,"href":"https:\/\/cdagroup.com.mx\/index.php?rest_route=\/wp\/v2\/users\/1"}],"replies":[{"embeddable":true,"href":"https:\/\/cdagroup.com.mx\/index.php?rest_route=%2Fwp%2Fv2%2Fcomments&post=2"}],"version-history":[{"count":27,"href":"https:\/\/cdagroup.com.mx\/index.php?rest_route=\/wp\/v2\/pages\/2\/revisions"}],"predecessor-version":[{"id":361,"href":"https:\/\/cdagroup.com.mx\/index.php?rest_route=\/wp\/v2\/pages\/2\/revisions\/361"}],"wp:attachment":[{"href":"https:\/\/cdagroup.com.mx\/index.php?rest_route=%2Fwp%2Fv2%2Fmedia&parent=2"}],"curies":[{"name":"wp","href":"https:\/\/api.w.org\/{rel}","templated":true}]}}