{"id":279,"date":"2022-02-23T18:16:23","date_gmt":"2022-02-23T18:16:23","guid":{"rendered":"https:\/\/cdagroup.com.mx\/?post_type=product&#038;p=279"},"modified":"2022-03-07T19:51:39","modified_gmt":"2022-03-07T19:51:39","slug":"sellador-acrilico","status":"publish","type":"product","link":"https:\/\/cdagroup.com.mx\/?product=sellador-acrilico","title":{"rendered":"Sellador Acr\u00edlico"},"content":{"rendered":"<p>&nbsp;<\/p>\n<p><strong>PRINCIPALES CARACTR\u00cdSTICAS Y BENEFICIOS<\/strong><br \/>\nEl Sellador Acr\u00edlico CDA incrementa la resistencia a la abrasi\u00f3n.<br \/>\nProtege la contra agentes \u00e1cidos, aceites, grasas y humedad rellenando los poros de la superficie del concreto creando una capa hidrof\u00f3bica.<br \/>\nProtege la pigmentaci\u00f3n de la superficie contra desgaste por rayos UV.<br \/>\nReduce la acumulaci\u00f3n de dep\u00f3sitos alcalinos y minerales.<br \/>\nPuede ser transparente o pigmentado.<\/p>\n<p>&nbsp;<\/p>\n<p><strong>INSTRUCCIONES PARA SU INSTALACI\u00d3N<\/strong><\/p>\n<ol>\n<li>El Sellador Acr\u00edlico CDA viene listo para usarse, por lo tanto no deber\u00e1 rebajarse o mezclarse con ning\u00fan tipo de solvente o cualquier otro agente.<\/li>\n<li>La superficie deber\u00e1 estar totalmente limpia y seca, libre de polvo, grasa, \u00e1cidos o cualquier sustancia que pueda afectar la correcta aplicaci\u00f3n del producto o que impida el contacto directo del material con la superficie.<\/li>\n<li>Se recomienda utilizar brocha, rodillo o aspersor, seg\u00fan la planicidad o rugosidad de la superficie.<\/li>\n<li>Es preferible aplicar el Sellador Acr\u00edlico en horas tempranas de la ma\u00f1ana evitando el sobrecalentamiento de la superficie o como lo permitan las condiciones ambienta les. Aplicar una segunda mano en sentido transversal a la primera.<\/li>\n<\/ol>\n<p>&nbsp;<\/p>\n<p><strong>PRESENTACI\u00d3N Y RENDIMIENTO<\/strong><br \/>\nGal\u00f3n de 4 lts.<br \/>\nCubeta de 19 lts.<br \/>\nTambor de 200 lts.<br \/>\nSu rendimiento promedio es de 4.2 m2 por litro, tomando en consideraci\u00f3n variables como porosidad de la superficie, t\u00e9cnica de aplicaci\u00f3n, clima, etc.<\/p>\n<p>&nbsp;<\/p>\n<p><strong>ALMACENAMIENTO<\/strong><br \/>\nSe recomienda almacenar en un lugar seco y fresco. Mantenerlo siempre en su envase original, bien cerrado y sin da\u00f1os visibles del mismo para evitar el ingreso de humedad o fuga de material.<\/p>\n<p>&nbsp;<\/p>\n<p><strong>PRECAUCIONES Y RECOMENDACIONES<\/strong><br \/>\nEl Sellador Acr\u00edlico puede ser irritante a los ojos y la piel.<br \/>\nEn caso de contacto con los ojos, enjuague con abundante agua limpia y acuda de inmediato al m\u00e9dico.<br \/>\nUsar equipo de protecci\u00f3n como lentes de seguridad y mascarilla. No se deje al alcance de los ni\u00f1os.<br \/>\nAplicarse en \u00e1reas ventiladas.<\/p>\n<p>&nbsp;<\/p>\n<p><strong>DATOS T\u00c9CNICOS <\/strong><\/p>\n<p>&nbsp;<\/p>\n<table>\n<tbody>\n<tr>\n<td>Apariencia<\/td>\n<td>L\u00edquido transparente viscoso<\/td>\n<\/tr>\n<tr>\n<td>Total de s\u00f3lidos<\/td>\n<td>26 \u2014 30 %<\/td>\n<\/tr>\n<tr>\n<td>Rendimiento<\/td>\n<td>De 70 a 90 m2 a dos manos<\/td>\n<\/tr>\n<tr>\n<td>Adhesi\u00f3n al concreto<\/td>\n<td>Cumple<\/td>\n<\/tr>\n<tr>\n<td>Resistencia a solventes<\/td>\n<td>M\u00ednima<\/td>\n<\/tr>\n<tr>\n<td>Caducidad<\/td>\n<td>2 a\u00f1os en envase original<\/td>\n<\/tr>\n<\/tbody>\n<\/table>\n","protected":false},"excerpt":{"rendered":"<p>&nbsp;<\/p>\n<hr \/>\n<p>Es un l\u00edquido transparente formulado con resinas acr\u00edlicas y base solvente, dise\u00f1ado para penetrar profundamente y anclarse en la superficie del concreto otorgando una capa protectora y de\u00a0 apariencia h\u00fameda y limpia.<\/p>\n<p>&nbsp;<\/p>\n<p><strong>USOS<\/strong><br \/>\nEste producto se recomienda para usarse en la superficie de diferentes materiales como Concreto Estampado, Concreto Oxidado, barro, ladrillo, block decorativo, cer\u00e1mica, muros texturizados, etc.<br \/>\nSe utiliza para realzar la tonalidad de la superficie en la que se aplica y proporciona una apariencia vidriada disminuyendo la absorci\u00f3n del agua.<\/p>\n<p>&nbsp;<\/p>\n<p>&nbsp;<\/p>\n","protected":false},"featured_media":382,"template":"","meta":{"spay_email":""},"product_cat":[19],"product_tag":[],"class_list":{"0":"post-279","1":"product","2":"type-product","3":"status-publish","4":"has-post-thumbnail","6":"product_cat-sistema-de-concreto-estampado","8":"first","9":"instock","10":"shipping-taxable","11":"product-type-simple"},"_links":{"self":[{"href":"https:\/\/cdagroup.com.mx\/index.php?rest_route=\/wp\/v2\/product\/279","targetHints":{"allow":["GET"]}}],"collection":[{"href":"https:\/\/cdagroup.com.mx\/index.php?rest_route=\/wp\/v2\/product"}],"about":[{"href":"https:\/\/cdagroup.com.mx\/index.php?rest_route=\/wp\/v2\/types\/product"}],"wp:featuredmedia":[{"embeddable":true,"href":"https:\/\/cdagroup.com.mx\/index.php?rest_route=\/wp\/v2\/media\/382"}],"wp:attachment":[{"href":"https:\/\/cdagroup.com.mx\/index.php?rest_route=%2Fwp%2Fv2%2Fmedia&parent=279"}],"wp:term":[{"taxonomy":"product_cat","embeddable":true,"href":"https:\/\/cdagroup.com.mx\/index.php?rest_route=%2Fwp%2Fv2%2Fproduct_cat&post=279"},{"taxonomy":"product_tag","embeddable":true,"href":"https:\/\/cdagroup.com.mx\/index.php?rest_route=%2Fwp%2Fv2%2Fproduct_tag&post=279"}],"curies":[{"name":"wp","href":"https:\/\/api.w.org\/{rel}","templated":true}]}}