{"id":315,"date":"2022-02-24T23:25:54","date_gmt":"2022-02-24T23:25:54","guid":{"rendered":"https:\/\/cdagroup.com.mx\/?post_type=product&#038;p=315"},"modified":"2022-04-28T16:38:57","modified_gmt":"2022-04-28T16:38:57","slug":"ultradelgados","status":"publish","type":"product","link":"https:\/\/cdagroup.com.mx\/?product=ultradelgados","title":{"rendered":"Ultradelgados"},"content":{"rendered":"<p>&nbsp;<\/p>\n<p><strong>PRINCIPALES CARACTER\u00cdSTICAS<\/strong><br \/>\nEl Ultradelgado CDA proporciona una superficie con o sin color con resistencia a la compresi\u00f3n y abrasi\u00f3n.<br \/>\nF\u00e1cil y pr\u00e1ctico de aplicarse.<br \/>\nRenueva la apariencia de cualquier piso horizontal.<\/p>\n<p>&nbsp;<\/p>\n<p><strong>INSTRUCCIONES PARA SU INSTLACI\u00d3N<\/strong><\/p>\n<ol>\n<li>Observar en todo momento las medidas de seguridad y protecci\u00f3n personal como el uso de Mascarillas para el personal de aplicaci\u00f3n del material ya que se trata de material muy vol\u00e1til para evitar ser aspirados y cause molestias en el sistema respiratorio.<\/li>\n<li>Preparar la superficie lav\u00e1ndola con un jab\u00f3n neutro para retirar la grasa acumulada utilizando hidrolavadora.<\/li>\n<li>Preparar el material mezcl\u00e1ndolo con CDA L\u00e1tex.<\/li>\n<li>Para una mejor adherencia, aplicar una capa de CDA L\u00e1tex a una proporci\u00f3n de 1:5 con agua limpia.<\/li>\n<li>Se extiende el Ultradelgado CDA en una capa de 5mm de espesor en promedio.<\/li>\n<\/ol>\n<p>&nbsp;<\/p>\n<p><strong>PRESENTACI\u00d3N Y RENDIMIENTO<\/strong><br \/>\nSaco o Cubeta con 27 Kg.<br \/>\nEl rendimiento puede variar seg\u00fan el acabado deseado, sin embargo, con un espesor de 5 mm se obtiene un rendimiento aproximado de 4.00 m\u00b2.<\/p>\n<p>&nbsp;<\/p>\n<p><strong>ALMACENAMIENTO<\/strong><br \/>\nSe recomienda almacenarlo en un lugar fresco y seco ya que contiene elementos cementantes. Mantenerlo siempre en su envase original bien cerrado y sin da\u00f1os visibles del mismo para evitar el ingreso de humedad.<br \/>\nEl Ultradelgado CDA tiene un vida \u00fatil de almacenamiento de hasta 18 meses permaneciendo perfectamente cerrado y en su envase original.<\/p>\n<p>&nbsp;<\/p>\n<p><strong>PRECAUCIONES Y RECOMENDACIONES<\/strong><br \/>\nEl material puede causar irritaci\u00f3n en los ojos y la piel. En caso de contacto con los ojos, enjuagarse con abundante agua limpia y acudir con el m\u00e9dico de inmediato. No dejarse al alcance de los ni\u00f1os.<br \/>\nProducto NO FLAMABLE.<br \/>\nUso de protecci\u00f3n personal como Guantes y Lentes de seguridad.<\/p>\n","protected":false},"excerpt":{"rendered":"<p>&nbsp;<\/p>\n<hr \/>\n<p>El Ultradelgado CDA es un producto formulado con pol\u00edmeros modificados y dise\u00f1ado para recubrimientos horizontales proporcionando alta resistencia a la abrasi\u00f3n pudiendo ser con color para trabajarse con un Estampado y crear una textura mas atractiva.<\/p>\n<p>&nbsp;<\/p>\n<p><strong>USOS<\/strong><br \/>\nEste producto se recomienda para reparar un piso horizontal da\u00f1ado al que se le quiere dar una nueva apariencia.<br \/>\nPuede ser utilizado en Interiores y Exteriores como pasillos, banquetas, patios, terrazas, etc.<\/p>\n<p>&nbsp;<\/p>\n<p>&nbsp;<\/p>\n","protected":false},"featured_media":0,"template":"","meta":{"spay_email":""},"product_cat":[19],"product_tag":[],"class_list":{"0":"post-315","1":"product","2":"type-product","3":"status-publish","5":"product_cat-sistema-de-concreto-estampado","7":"first","8":"instock","9":"shipping-taxable","10":"product-type-simple"},"_links":{"self":[{"href":"https:\/\/cdagroup.com.mx\/index.php?rest_route=\/wp\/v2\/product\/315","targetHints":{"allow":["GET"]}}],"collection":[{"href":"https:\/\/cdagroup.com.mx\/index.php?rest_route=\/wp\/v2\/product"}],"about":[{"href":"https:\/\/cdagroup.com.mx\/index.php?rest_route=\/wp\/v2\/types\/product"}],"wp:attachment":[{"href":"https:\/\/cdagroup.com.mx\/index.php?rest_route=%2Fwp%2Fv2%2Fmedia&parent=315"}],"wp:term":[{"taxonomy":"product_cat","embeddable":true,"href":"https:\/\/cdagroup.com.mx\/index.php?rest_route=%2Fwp%2Fv2%2Fproduct_cat&post=315"},{"taxonomy":"product_tag","embeddable":true,"href":"https:\/\/cdagroup.com.mx\/index.php?rest_route=%2Fwp%2Fv2%2Fproduct_tag&post=315"}],"curies":[{"name":"wp","href":"https:\/\/api.w.org\/{rel}","templated":true}]}}